{"id":18,"date":"2024-06-25T13:12:58","date_gmt":"2024-06-25T11:12:58","guid":{"rendered":"https:\/\/www.weddingsecret.hu\/?page_id=18"},"modified":"2024-08-08T12:52:56","modified_gmt":"2024-08-08T10:52:56","slug":"araink","status":"publish","type":"page","link":"https:\/\/www.weddingsecret.hu\/en\/araink\/","title":{"rendered":"Services"},"content":{"rendered":"","protected":false},"excerpt":{"rendered":"","protected":false},"author":1,"featured_media":0,"parent":0,"menu_order":0,"comment_status":"closed","ping_status":"closed","template":"","meta":{"_acf_changed":false,"_seopress_robots_primary_cat":"","_seopress_titles_title":"Esk\u00fcv\u0151i ruha b\u00e9rl\u00e9s \u00e1rak, menyasszonyiruha Wedding Secret Budapest","_seopress_titles_desc":"Esk\u00fcv\u0151i ruha b\u00e9rl\u00e9s \u00e1rak, menyasszonyiruha Wedding Secret Budapest. Keresse fel \u00fczlet\u00fcnket az Akad\u00e9mia utca 7. sz\u00e1m alatt.","_seopress_robots_index":"","inline_featured_image":false,"footnotes":""},"class_list":["post-18","page","type-page","status-publish","hentry"],"acf":[],"_links":{"self":[{"href":"https:\/\/www.weddingsecret.hu\/en\/wp-json\/wp\/v2\/pages\/18","targetHints":{"allow":["GET"]}}],"collection":[{"href":"https:\/\/www.weddingsecret.hu\/en\/wp-json\/wp\/v2\/pages"}],"about":[{"href":"https:\/\/www.weddingsecret.hu\/en\/wp-json\/wp\/v2\/types\/page"}],"author":[{"embeddable":true,"href":"https:\/\/www.weddingsecret.hu\/en\/wp-json\/wp\/v2\/users\/1"}],"replies":[{"embeddable":true,"href":"https:\/\/www.weddingsecret.hu\/en\/wp-json\/wp\/v2\/comments?post=18"}],"version-history":[{"count":3,"href":"https:\/\/www.weddingsecret.hu\/en\/wp-json\/wp\/v2\/pages\/18\/revisions"}],"predecessor-version":[{"id":779,"href":"https:\/\/www.weddingsecret.hu\/en\/wp-json\/wp\/v2\/pages\/18\/revisions\/779"}],"wp:attachment":[{"href":"https:\/\/www.weddingsecret.hu\/en\/wp-json\/wp\/v2\/media?parent=18"}],"curies":[{"name":"wp","href":"https:\/\/api.w.org\/{rel}","templated":true}]}}