{"id":3,"date":"2024-06-25T00:25:22","date_gmt":"2024-06-24T22:25:22","guid":{"rendered":"https:\/\/www.weddingsecret.hu\/?page_id=3"},"modified":"2024-08-24T16:34:46","modified_gmt":"2024-08-24T14:34:46","slug":"aszf","status":"publish","type":"page","link":"https:\/\/www.weddingsecret.hu\/en\/aszf\/","title":{"rendered":"\u00c1ltal\u00e1nos Szerz\u0151d\u00e9si Felt\u00e9telek"},"content":{"rendered":"","protected":false},"excerpt":{"rendered":"","protected":false},"author":1,"featured_media":0,"parent":0,"menu_order":0,"comment_status":"closed","ping_status":"open","template":"","meta":{"_acf_changed":false,"_seopress_robots_primary_cat":"","_seopress_titles_title":"","_seopress_titles_desc":"","_seopress_robots_index":"","inline_featured_image":false,"footnotes":""},"class_list":["post-3","page","type-page","status-publish","hentry"],"acf":[],"_links":{"self":[{"href":"https:\/\/www.weddingsecret.hu\/en\/wp-json\/wp\/v2\/pages\/3","targetHints":{"allow":["GET"]}}],"collection":[{"href":"https:\/\/www.weddingsecret.hu\/en\/wp-json\/wp\/v2\/pages"}],"about":[{"href":"https:\/\/www.weddingsecret.hu\/en\/wp-json\/wp\/v2\/types\/page"}],"author":[{"embeddable":true,"href":"https:\/\/www.weddingsecret.hu\/en\/wp-json\/wp\/v2\/users\/1"}],"replies":[{"embeddable":true,"href":"https:\/\/www.weddingsecret.hu\/en\/wp-json\/wp\/v2\/comments?post=3"}],"version-history":[{"count":2,"href":"https:\/\/www.weddingsecret.hu\/en\/wp-json\/wp\/v2\/pages\/3\/revisions"}],"predecessor-version":[{"id":791,"href":"https:\/\/www.weddingsecret.hu\/en\/wp-json\/wp\/v2\/pages\/3\/revisions\/791"}],"wp:attachment":[{"href":"https:\/\/www.weddingsecret.hu\/en\/wp-json\/wp\/v2\/media?parent=3"}],"curies":[{"name":"wp","href":"https:\/\/api.w.org\/{rel}","templated":true}]}}